{"id":4934,"date":"2023-09-09T20:14:56","date_gmt":"2023-09-09T17:14:56","guid":{"rendered":"https:\/\/birliktel.com.tr\/pvc-kapli-kafes-tel\/"},"modified":"2024-02-19T23:02:15","modified_gmt":"2024-02-19T20:02:15","slug":"pvc-coated-mesh-wire","status":"publish","type":"page","link":"https:\/\/www.birliktel.com.tr\/en\/pvc-coated-mesh-wire\/","title":{"rendered":"PVC Coated Mesh Wire"},"content":{"rendered":"<p>Estetik g\u00f6r\u00fcn\u00fcm\u00fcn\u00fcn yan\u0131 s\u0131ra d\u0131\u015f etkenlere kar\u015f\u0131 etkili koruma sa\u011flayan PVC Kapl\u0131 Kafes Tel; \u00fcretim sahalar\u0131ndan spor komplekslerine kadar bir\u00e7ok farkl\u0131 alanlarda kullan\u0131m imkan\u0131 sunmaktad\u0131r. Her bir \u00fcr\u00fcn\u00fcm\u00fcz y\u00fcksek kalite standartlar\u0131na uygun olarak \u00fcretilir ve dayan\u0131kl\u0131l\u0131\u011f\u0131 ile tan\u0131nmaktad\u0131r.<\/p>\n","protected":false},"excerpt":{"rendered":"<p>Estetik g\u00f6r\u00fcn\u00fcm\u00fcn\u00fcn yan\u0131 s\u0131ra d\u0131\u015f etkenlere kar\u015f\u0131 etkili koruma sa\u011flayan PVC Kapl\u0131 Kafes Tel; \u00fcretim sahalar\u0131ndan spor komplekslerine kadar bir\u00e7ok farkl\u0131 alanlarda kullan\u0131m imkan\u0131 sunmaktad\u0131r. Her bir \u00fcr\u00fcn\u00fcm\u00fcz y\u00fcksek kalite standartlar\u0131na uygun olarak \u00fcretilir ve dayan\u0131kl\u0131l\u0131\u011f\u0131 ile tan\u0131nmaktad\u0131r.<\/p>\n","protected":false},"author":1,"featured_media":0,"parent":0,"menu_order":0,"comment_status":"closed","ping_status":"closed","template":"page-urun-detay.php","meta":{"_acf_changed":false,"inline_featured_image":false,"footnotes":""},"class_list":["post-4934","page","type-page","status-publish","hentry"],"acf":[],"_links":{"self":[{"href":"https:\/\/www.birliktel.com.tr\/en\/wp-json\/wp\/v2\/pages\/4934","targetHints":{"allow":["GET"]}}],"collection":[{"href":"https:\/\/www.birliktel.com.tr\/en\/wp-json\/wp\/v2\/pages"}],"about":[{"href":"https:\/\/www.birliktel.com.tr\/en\/wp-json\/wp\/v2\/types\/page"}],"author":[{"embeddable":true,"href":"https:\/\/www.birliktel.com.tr\/en\/wp-json\/wp\/v2\/users\/1"}],"replies":[{"embeddable":true,"href":"https:\/\/www.birliktel.com.tr\/en\/wp-json\/wp\/v2\/comments?post=4934"}],"version-history":[{"count":3,"href":"https:\/\/www.birliktel.com.tr\/en\/wp-json\/wp\/v2\/pages\/4934\/revisions"}],"predecessor-version":[{"id":4938,"href":"https:\/\/www.birliktel.com.tr\/en\/wp-json\/wp\/v2\/pages\/4934\/revisions\/4938"}],"wp:attachment":[{"href":"https:\/\/www.birliktel.com.tr\/en\/wp-json\/wp\/v2\/media?parent=4934"}],"curies":[{"name":"wp","href":"https:\/\/api.w.org\/{rel}","templated":true}]}}